{"id":49015,"date":"2022-06-28T20:50:59","date_gmt":"2022-06-28T12:50:59","guid":{"rendered":"https:\/\/www-test.firstfilm.org.cn\/?page_id=49015"},"modified":"2022-06-29T13:42:57","modified_gmt":"2022-06-29T05:42:57","slug":"2022competition-selected-short-films","status":"publish","type":"page","link":"https:\/\/www-test.firstfilm.org.cn\/en\/annual\/screening\/programme\/programme-2022\/competition2022\/2022competition-selected-short-films\/","title":{"rendered":"Competition Selected-Short Films"},"content":{"rendered":"","protected":false},"excerpt":{"rendered":"","protected":false},"author":1,"featured_media":0,"parent":48993,"menu_order":145,"comment_status":"closed","ping_status":"closed","template":"page-annual-zhanying-screen-competition-shortlist.php","meta":[],"acf":{"shortlist":{"film":[{"ID":48138,"post_author":"55","post_date":"2022-06-28 21:25:19","post_date_gmt":"2022-06-28 13:25:19","post_content":"","post_title":"Drowning to Become Ophelia","post_excerpt":"","post_status":"publish","comment_status":"closed","ping_status":"closed","post_password":"","post_name":"drowning-to-become-ophelia","to_ping":"","pinged":"","post_modified":"2022-07-13 18:20:36","post_modified_gmt":"2022-07-13 10:20:36","post_content_filtered":"","post_parent":0,"guid":"https:\/\/www-test.firstfilm.org.cn\/?p=48138","menu_order":2928,"post_type":"post","post_mime_type":"","comment_count":"0","filter":"raw"},{"ID":48153,"post_author":"55","post_date":"2022-06-28 21:32:14","post_date_gmt":"2022-06-28 13:32:14","post_content":"","post_title":"The Loach","post_excerpt":"","post_status":"publish","comment_status":"closed","ping_status":"closed","post_password":"","post_name":"the-loach","to_ping":"","pinged":"","post_modified":"2022-07-13 18:21:54","post_modified_gmt":"2022-07-13 10:21:54","post_content_filtered":"","post_parent":0,"guid":"https:\/\/www-test.firstfilm.org.cn\/?p=48153","menu_order":2922,"post_type":"post","post_mime_type":"","comment_count":"0","filter":"raw"},{"ID":48236,"post_author":"55","post_date":"2022-06-29 13:38:53","post_date_gmt":"2022-06-29 05:38:53","post_content":"","post_title":"The Spring Breeze Kisses Me","post_excerpt":"","post_status":"publish","comment_status":"closed","ping_status":"closed","post_password":"","post_name":"%e6%98%a5%e9%a3%8e%e4%ba%b2%e5%90%bb%e6%88%91%e5%83%8f%e8%9b%8b%e6%8c%9e","to_ping":"","pinged":"","post_modified":"2022-07-13 18:23:21","post_modified_gmt":"2022-07-13 10:23:21","post_content_filtered":"","post_parent":0,"guid":"https:\/\/www-test.firstfilm.org.cn\/?p=48236","menu_order":2913,"post_type":"post","post_mime_type":"","comment_count":"0","filter":"raw"},{"ID":48269,"post_author":"55","post_date":"2022-06-28 21:50:25","post_date_gmt":"2022-06-28 13:50:25","post_content":"","post_title":"A Dog under Bridge","post_excerpt":"","post_status":"publish","comment_status":"closed","ping_status":"closed","post_password":"","post_name":"a-dog-under-bridge","to_ping":"","pinged":"","post_modified":"2022-09-09 17:34:24","post_modified_gmt":"2022-09-09 09:34:24","post_content_filtered":"","post_parent":0,"guid":"https:\/\/www-test.firstfilm.org.cn\/?p=48269","menu_order":2905,"post_type":"post","post_mime_type":"","comment_count":"0","filter":"raw"},{"ID":48305,"post_author":"55","post_date":"2022-06-28 22:22:18","post_date_gmt":"2022-06-28 14:22:18","post_content":"","post_title":"The First Taste","post_excerpt":"","post_status":"publish","comment_status":"closed","ping_status":"closed","post_password":"","post_name":"the-first-taste","to_ping":"","pinged":"","post_modified":"2022-07-13 18:25:51","post_modified_gmt":"2022-07-13 10:25:51","post_content_filtered":"","post_parent":0,"guid":"https:\/\/www-test.firstfilm.org.cn\/?p=48305","menu_order":2903,"post_type":"post","post_mime_type":"","comment_count":"0","filter":"raw"},{"ID":48328,"post_author":"55","post_date":"2022-06-28 22:40:55","post_date_gmt":"2022-06-28 14:40:55","post_content":"","post_title":"The Way Winter Comes","post_excerpt":"","post_status":"publish","comment_status":"closed","ping_status":"closed","post_password":"","post_name":"the-way-winter-comes","to_ping":"","pinged":"","post_modified":"2022-07-13 18:27:02","post_modified_gmt":"2022-07-13 10:27:02","post_content_filtered":"","post_parent":0,"guid":"https:\/\/www-test.firstfilm.org.cn\/?p=48328","menu_order":2897,"post_type":"post","post_mime_type":"","comment_count":"0","filter":"raw"},{"ID":48357,"post_author":"55","post_date":"2022-06-28 22:47:21","post_date_gmt":"2022-06-28 14:47:21","post_content":"","post_title":"How I Grew Up","post_excerpt":"","post_status":"publish","comment_status":"closed","ping_status":"closed","post_password":"","post_name":"how-i-grew-up","to_ping":"","pinged":"","post_modified":"2022-07-13 18:28:34","post_modified_gmt":"2022-07-13 10:28:34","post_content_filtered":"","post_parent":0,"guid":"https:\/\/www-test.firstfilm.org.cn\/?p=48357","menu_order":2889,"post_type":"post","post_mime_type":"","comment_count":"0","filter":"raw"},{"ID":48384,"post_author":"55","post_date":"2022-06-28 23:08:50","post_date_gmt":"2022-06-28 15:08:50","post_content":"","post_title":"Broken Potato","post_excerpt":"","post_status":"publish","comment_status":"closed","ping_status":"closed","post_password":"","post_name":"broken-potato","to_ping":"","pinged":"","post_modified":"2022-09-09 17:14:38","post_modified_gmt":"2022-09-09 09:14:38","post_content_filtered":"","post_parent":0,"guid":"https:\/\/www-test.firstfilm.org.cn\/?p=48384","menu_order":2547,"post_type":"post","post_mime_type":"","comment_count":"0","filter":"raw"},{"ID":48382,"post_author":"55","post_date":"2022-06-28 23:13:54","post_date_gmt":"2022-06-28 15:13:54","post_content":"","post_title":"The Secret of My Birth","post_excerpt":"","post_status":"publish","comment_status":"closed","ping_status":"closed","post_password":"","post_name":"the-secret-of-my-birth","to_ping":"","pinged":"","post_modified":"2022-09-09 17:16:17","post_modified_gmt":"2022-09-09 09:16:17","post_content_filtered":"","post_parent":0,"guid":"https:\/\/www-test.firstfilm.org.cn\/?p=48382","menu_order":2526,"post_type":"post","post_mime_type":"","comment_count":"0","filter":"raw"},{"ID":48446,"post_author":"55","post_date":"2022-06-29 11:30:42","post_date_gmt":"2022-06-29 03:30:42","post_content":"","post_title":"A Passing Cloud","post_excerpt":"","post_status":"publish","comment_status":"closed","ping_status":"closed","post_password":"","post_name":"a-passing-cloud","to_ping":"","pinged":"","post_modified":"2022-09-09 17:19:24","post_modified_gmt":"2022-09-09 09:19:24","post_content_filtered":"","post_parent":0,"guid":"https:\/\/www-test.firstfilm.org.cn\/?p=48446","menu_order":2511,"post_type":"post","post_mime_type":"","comment_count":"0","filter":"raw"},{"ID":48479,"post_author":"55","post_date":"2022-06-29 11:35:27","post_date_gmt":"2022-06-29 03:35:27","post_content":"","post_title":"MUI","post_excerpt":"","post_status":"publish","comment_status":"closed","ping_status":"closed","post_password":"","post_name":"mui","to_ping":"","pinged":"","post_modified":"2022-07-13 18:32:07","post_modified_gmt":"2022-07-13 10:32:07","post_content_filtered":"","post_parent":0,"guid":"https:\/\/www-test.firstfilm.org.cn\/?p=48479","menu_order":2485,"post_type":"post","post_mime_type":"","comment_count":"0","filter":"raw"},{"ID":48512,"post_author":"55","post_date":"2022-06-29 11:39:50","post_date_gmt":"2022-06-29 03:39:50","post_content":"","post_title":"Homones","post_excerpt":"","post_status":"publish","comment_status":"closed","ping_status":"closed","post_password":"","post_name":"homones","to_ping":"","pinged":"","post_modified":"2022-09-09 17:20:59","post_modified_gmt":"2022-09-09 09:20:59","post_content_filtered":"","post_parent":0,"guid":"https:\/\/www-test.firstfilm.org.cn\/?p=48512","menu_order":2469,"post_type":"post","post_mime_type":"","comment_count":"0","filter":"raw"},{"ID":48545,"post_author":"55","post_date":"2022-06-29 11:45:18","post_date_gmt":"2022-06-29 03:45:18","post_content":"","post_title":"Southern Afternoon","post_excerpt":"","post_status":"publish","comment_status":"closed","ping_status":"closed","post_password":"","post_name":"southern-afternoon","to_ping":"","pinged":"","post_modified":"2022-08-30 18:11:21","post_modified_gmt":"2022-08-30 10:11:21","post_content_filtered":"","post_parent":0,"guid":"https:\/\/www-test.firstfilm.org.cn\/?p=48545","menu_order":2470,"post_type":"post","post_mime_type":"","comment_count":"0","filter":"raw"},{"ID":48603,"post_author":"55","post_date":"2022-06-29 11:49:10","post_date_gmt":"2022-06-29 03:49:10","post_content":"","post_title":"Meal On the Plate","post_excerpt":"","post_status":"publish","comment_status":"closed","ping_status":"closed","post_password":"","post_name":"meal-on-the-plate","to_ping":"","pinged":"","post_modified":"2022-08-30 18:09:58","post_modified_gmt":"2022-08-30 10:09:58","post_content_filtered":"","post_parent":0,"guid":"https:\/\/www-test.firstfilm.org.cn\/?p=48603","menu_order":2456,"post_type":"post","post_mime_type":"","comment_count":"0","filter":"raw"},{"ID":48627,"post_author":"55","post_date":"2022-06-29 11:53:02","post_date_gmt":"2022-06-29 03:53:02","post_content":"","post_title":"I Have No Legs, and I Must Run","post_excerpt":"","post_status":"publish","comment_status":"closed","ping_status":"closed","post_password":"","post_name":"i-have-no-legs-and-i-must-run","to_ping":"","pinged":"","post_modified":"2022-07-13 18:41:27","post_modified_gmt":"2022-07-13 10:41:27","post_content_filtered":"","post_parent":0,"guid":"https:\/\/www-test.firstfilm.org.cn\/?p=48627","menu_order":2452,"post_type":"post","post_mime_type":"","comment_count":"0","filter":"raw"},{"ID":48664,"post_author":"55","post_date":"2022-06-29 11:58:17","post_date_gmt":"2022-06-29 03:58:17","post_content":"","post_title":"Daughter and Son","post_excerpt":"","post_status":"publish","comment_status":"closed","ping_status":"closed","post_password":"","post_name":"daughter-and-son","to_ping":"","pinged":"","post_modified":"2022-07-13 18:42:57","post_modified_gmt":"2022-07-13 10:42:57","post_content_filtered":"","post_parent":0,"guid":"https:\/\/www-test.firstfilm.org.cn\/?p=48664","menu_order":2450,"post_type":"post","post_mime_type":"","comment_count":"0","filter":"raw"},{"ID":48703,"post_author":"55","post_date":"2022-06-29 12:01:53","post_date_gmt":"2022-06-29 04:01:53","post_content":"","post_title":"D\u00e9j\u00e0 R\u00eav\u00e9","post_excerpt":"","post_status":"publish","comment_status":"closed","ping_status":"closed","post_password":"","post_name":"deja-reve","to_ping":"","pinged":"","post_modified":"2022-07-13 18:44:32","post_modified_gmt":"2022-07-13 10:44:32","post_content_filtered":"","post_parent":0,"guid":"https:\/\/www-test.firstfilm.org.cn\/?p=48703","menu_order":2445,"post_type":"post","post_mime_type":"","comment_count":"0","filter":"raw"},{"ID":48740,"post_author":"55","post_date":"2022-06-29 12:06:43","post_date_gmt":"2022-06-29 04:06:43","post_content":"","post_title":"Perfect City: The Mother","post_excerpt":"","post_status":"publish","comment_status":"closed","ping_status":"closed","post_password":"","post_name":"perfect-city-the-mother","to_ping":"","pinged":"","post_modified":"2022-07-13 18:45:30","post_modified_gmt":"2022-07-13 10:45:30","post_content_filtered":"","post_parent":0,"guid":"https:\/\/www-test.firstfilm.org.cn\/?p=48740","menu_order":2442,"post_type":"post","post_mime_type":"","comment_count":"0","filter":"raw"},{"ID":48756,"post_author":"55","post_date":"2022-06-29 12:11:57","post_date_gmt":"2022-06-29 04:11:57","post_content":"","post_title":"Kids of Paradise","post_excerpt":"","post_status":"publish","comment_status":"closed","ping_status":"closed","post_password":"","post_name":"kids-of-paradise","to_ping":"","pinged":"","post_modified":"2022-07-13 18:46:38","post_modified_gmt":"2022-07-13 10:46:38","post_content_filtered":"","post_parent":0,"guid":"https:\/\/www-test.firstfilm.org.cn\/?p=48756","menu_order":1846,"post_type":"post","post_mime_type":"","comment_count":"0","filter":"raw"},{"ID":48794,"post_author":"55","post_date":"2022-06-29 12:14:41","post_date_gmt":"2022-06-29 04:14:41","post_content":"","post_title":"The Morning Sun","post_excerpt":"","post_status":"publish","comment_status":"closed","ping_status":"closed","post_password":"","post_name":"the-morning-sun","to_ping":"","pinged":"","post_modified":"2022-07-13 18:47:34","post_modified_gmt":"2022-07-13 10:47:34","post_content_filtered":"","post_parent":0,"guid":"https:\/\/www-test.firstfilm.org.cn\/?p=48794","menu_order":2440,"post_type":"post","post_mime_type":"","comment_count":"0","filter":"raw"},{"ID":48833,"post_author":"55","post_date":"2022-06-29 12:17:38","post_date_gmt":"2022-06-29 04:17:38","post_content":"","post_title":"The Thing with Feathers","post_excerpt":"","post_status":"publish","comment_status":"closed","ping_status":"closed","post_password":"","post_name":"the-thing-with-feathers","to_ping":"","pinged":"","post_modified":"2022-09-09 17:34:51","post_modified_gmt":"2022-09-09 09:34:51","post_content_filtered":"","post_parent":0,"guid":"https:\/\/www-test.firstfilm.org.cn\/?p=48833","menu_order":2432,"post_type":"post","post_mime_type":"","comment_count":"0","filter":"raw"},{"ID":48852,"post_author":"55","post_date":"2022-06-29 12:19:37","post_date_gmt":"2022-06-29 04:19:37","post_content":"","post_title":"The Blessing","post_excerpt":"","post_status":"publish","comment_status":"closed","ping_status":"closed","post_password":"","post_name":"the-blessing","to_ping":"","pinged":"","post_modified":"2022-07-13 18:49:27","post_modified_gmt":"2022-07-13 10:49:27","post_content_filtered":"","post_parent":0,"guid":"https:\/\/www-test.firstfilm.org.cn\/?p=48852","menu_order":2430,"post_type":"post","post_mime_type":"","comment_count":"0","filter":"raw"}]}},"_links":{"self":[{"href":"https:\/\/www-test.firstfilm.org.cn\/en\/wp-json\/wp\/v2\/pages\/49015"}],"collection":[{"href":"https:\/\/www-test.firstfilm.org.cn\/en\/wp-json\/wp\/v2\/pages"}],"about":[{"href":"https:\/\/www-test.firstfilm.org.cn\/en\/wp-json\/wp\/v2\/types\/page"}],"author":[{"embeddable":true,"href":"https:\/\/www-test.firstfilm.org.cn\/en\/wp-json\/wp\/v2\/users\/1"}],"replies":[{"embeddable":true,"href":"https:\/\/www-test.firstfilm.org.cn\/en\/wp-json\/wp\/v2\/comments?post=49015"}],"version-history":[{"count":2,"href":"https:\/\/www-test.firstfilm.org.cn\/en\/wp-json\/wp\/v2\/pages\/49015\/revisions"}],"predecessor-version":[{"id":49572,"href":"https:\/\/www-test.firstfilm.org.cn\/en\/wp-json\/wp\/v2\/pages\/49015\/revisions\/49572"}],"up":[{"embeddable":true,"href":"https:\/\/www-test.firstfilm.org.cn\/en\/wp-json\/wp\/v2\/pages\/48993"}],"wp:attachment":[{"href":"https:\/\/www-test.firstfilm.org.cn\/en\/wp-json\/wp\/v2\/media?parent=49015"}],"curies":[{"name":"wp","href":"https:\/\/api.w.org\/{rel}","templated":true}]}}